{"id":392,"date":"2024-09-29T00:46:13","date_gmt":"2024-09-28T21:46:13","guid":{"rendered":"https:\/\/arzema.com.tr\/?page_id=392"},"modified":"2024-09-29T01:29:30","modified_gmt":"2024-09-28T22:29:30","slug":"medikal-ve-sarf-malzemeleri","status":"publish","type":"page","link":"https:\/\/arzema.com.tr\/en\/medikal-ve-sarf-malzemeleri\/","title":{"rendered":"Medical and Medical Consumables"},"content":{"rendered":"<div data-elementor-type=\"wp-page\" data-elementor-id=\"392\" class=\"elementor elementor-392\" data-elementor-settings=\"{&quot;profecient_custom_cursor_toggle&quot;:&quot;yes&quot;,&quot;profecient_custom_cursor_inner_size&quot;:{&quot;unit&quot;:&quot;px&quot;,&quot;size&quot;:12,&quot;sizes&quot;:&quot;&quot;},&quot;profecient_custom_cursor_inner_color&quot;:&quot;#FF9B1B&quot;,&quot;profecient_custom_cursor_outer_size&quot;:{&quot;unit&quot;:&quot;px&quot;,&quot;size&quot;:0,&quot;sizes&quot;:&quot;&quot;},&quot;profecient_custom_cursor_inner_blend&quot;:&quot;normal&quot;,&quot;profecient_custom_cursor_inner_type&quot;:&quot;none&quot;,&quot;profecient_custom_cursor_outer_color&quot;:&quot;#ffffff&quot;,&quot;profecient_custom_cursor_outer_blend&quot;:&quot;difference&quot;,&quot;profecient_custom_cursor_outer_type&quot;:&quot;none&quot;}\">\n\t\t\t\t\t\t<section class=\"elementor-section elementor-top-section elementor-element elementor-element-5805166a jkit-sticky-element--enabled jkit-sticky-position--fixed elementor-section-boxed elementor-section-height-default elementor-section-height-default jkit-sticky-element-on--down\" data-id=\"5805166a\" data-element_type=\"section\" data-settings=\"{&quot;shape_divider_bottom&quot;:&quot;tilt&quot;,&quot;background_background&quot;:&quot;gradient&quot;,&quot;profecient_background_motion_effects_toggle&quot;:0,&quot;jkit_sticky_device&quot;:&quot;desktop&quot;,&quot;jkit_sticky_top_position&quot;:{&quot;unit&quot;:&quot;px&quot;,&quot;size&quot;:0,&quot;sizes&quot;:[]},&quot;profecient_custom_cursor_toggle&quot;:false,&quot;profecient_mouse_effects_toggle&quot;:0}\">\n\t\t\t\t\t\t\t<div class=\"elementor-background-overlay\"><\/div>\n\t\t\t\t\t\t<div class=\"elementor-shape elementor-shape-bottom\" data-negative=\"false\">\n\t\t\t<svg xmlns=\"http:\/\/www.w3.org\/2000\/svg\" viewbox=\"0 0 1000 100\" preserveaspectratio=\"none\">\n\t<path class=\"elementor-shape-fill\" d=\"M0,6V0h1000v100L0,6z\"\/>\n<\/svg>\t\t<\/div>\n\t\t\t\t\t<div class=\"elementor-container elementor-column-gap-default\">\n\t\t\t\t\t<div class=\"elementor-column elementor-col-100 elementor-top-column elementor-element elementor-element-525ee04f\" data-id=\"525ee04f\" data-element_type=\"column\" data-settings=\"{&quot;profecient_background_motion_effects_toggle&quot;:0,&quot;profecient_custom_cursor_toggle&quot;:false,&quot;profecient_parallax_effects_toggle&quot;:0,&quot;profecient_mouse_effects_toggle&quot;:0}\">\n\t\t\t<div class=\"elementor-widget-wrap elementor-element-populated\">\n\t\t\t\t\t\t<div class=\"elementor-element elementor-element-2e6cdabd elementor-widget elementor-widget-jkit_animated_text\" data-id=\"2e6cdabd\" data-element_type=\"widget\" data-settings=\"{&quot;profecient_custom_cursor_toggle&quot;:false,&quot;profecient_parallax_effects_toggle&quot;:0,&quot;profecient_mouse_effects_toggle&quot;:0}\" data-widget_type=\"jkit_animated_text.default\">\n\t\t\t\t<div class=\"elementor-widget-container\">\n\t\t\t<div  class=\"jeg-elementor-kit jkit-animated-text jeg_module___69e64b2168544\"  data-style=\"none\"><h1 class=\"animated-text\"><span class=\"normal-text style-color\"><\/span><span class=\"dynamic-wrapper style-gradient\"><span class=\"dynamic-text\">Medical and Medical Consumables<\/span><\/span><span class=\"normal-text style-color\"><\/span><\/h1><\/div>\t\t<\/div>\n\t\t\t\t<\/div>\n\t\t\t\t\t<\/div>\n\t\t<\/div>\n\t\t\t\t\t<\/div>\n\t\t<\/section>\n\t\t\t\t<section class=\"elementor-section elementor-top-section elementor-element elementor-element-4172216d elementor-section-boxed elementor-section-height-default elementor-section-height-default\" data-id=\"4172216d\" data-element_type=\"section\" data-settings=\"{&quot;background_background&quot;:&quot;gradient&quot;,&quot;profecient_background_motion_effects_toggle&quot;:0,&quot;profecient_custom_cursor_toggle&quot;:false,&quot;profecient_parallax_effects_toggle&quot;:0,&quot;profecient_mouse_effects_toggle&quot;:0}\">\n\t\t\t\t\t\t<div class=\"elementor-container elementor-column-gap-default\">\n\t\t\t\t\t<div class=\"elementor-column elementor-col-100 elementor-top-column elementor-element elementor-element-5cffda96\" data-id=\"5cffda96\" data-element_type=\"column\" data-settings=\"{&quot;profecient_background_motion_effects_toggle&quot;:0,&quot;profecient_custom_cursor_toggle&quot;:false,&quot;profecient_parallax_effects_toggle&quot;:0,&quot;profecient_mouse_effects_toggle&quot;:0}\">\n\t\t\t<div class=\"elementor-widget-wrap elementor-element-populated\">\n\t\t\t\t\t\t<div class=\"elementor-element elementor-element-1263c65 elementor-widget elementor-widget-text-editor\" data-id=\"1263c65\" data-element_type=\"widget\" data-settings=\"{&quot;profecient_custom_cursor_toggle&quot;:false,&quot;profecient_parallax_effects_toggle&quot;:0,&quot;profecient_mouse_effects_toggle&quot;:0}\" data-widget_type=\"text-editor.default\">\n\t\t\t\t<div class=\"elementor-widget-container\">\n\t\t\t<style>\/*! elementor - v3.23.0 - 15-07-2024 *\/\n.elementor-widget-text-editor.elementor-drop-cap-view-stacked .elementor-drop-cap{background-color:#69727d;color:#fff}.elementor-widget-text-editor.elementor-drop-cap-view-framed .elementor-drop-cap{color:#69727d;border:3px solid;background-color:transparent}.elementor-widget-text-editor:not(.elementor-drop-cap-view-default) .elementor-drop-cap{margin-top:8px}.elementor-widget-text-editor:not(.elementor-drop-cap-view-default) .elementor-drop-cap-letter{width:1em;height:1em}.elementor-widget-text-editor .elementor-drop-cap{float:left;text-align:center;line-height:1;font-size:50px}.elementor-widget-text-editor .elementor-drop-cap-letter{display:inline-block}<\/style>\t\t\t\t<h4><img fetchpriority=\"high\" decoding=\"async\" class=\"alignleft wp-image-400 size-medium\" src=\"https:\/\/arzema.com.tr\/wp-content\/uploads\/2024\/09\/TibbiCihazKlinikArastirma-300x200.jpg\" alt=\"\" width=\"300\" height=\"200\" srcset=\"https:\/\/arzema.com.tr\/wp-content\/uploads\/2024\/09\/TibbiCihazKlinikArastirma-300x200.jpg 300w, https:\/\/arzema.com.tr\/wp-content\/uploads\/2024\/09\/TibbiCihazKlinikArastirma-1024x683.jpg 1024w, https:\/\/arzema.com.tr\/wp-content\/uploads\/2024\/09\/TibbiCihazKlinikArastirma-768x512.jpg 768w, https:\/\/arzema.com.tr\/wp-content\/uploads\/2024\/09\/TibbiCihazKlinikArastirma-18x12.jpg 18w, https:\/\/arzema.com.tr\/wp-content\/uploads\/2024\/09\/TibbiCihazKlinikArastirma.jpg 1436w\" sizes=\"(max-width: 300px) 100vw, 300px\" \/><\/h4><p>Hastaneler, klinikler ve di\u011fer sa\u011fl\u0131k kurulu\u015flar\u0131 i\u00e7in y\u00fcksek kaliteli medikal cihazlar ve sarf malzemeleri temin ediyoruz.<\/p><p>\u00dcr\u00fcn yelpazemiz, tan\u0131 ve tedavi ekipmanlar\u0131ndan, sterilizasyon malzemelerine kadar geni\u015f bir yelpazeyi kapsamaktad\u0131r.<br \/>\u00a0<\/p>\t\t\t\t\t\t<\/div>\n\t\t\t\t<\/div>\n\t\t\t\t\t<\/div>\n\t\t<\/div>\n\t\t\t\t\t<\/div>\n\t\t<\/section>\n\t\t\t\t<\/div>","protected":false},"excerpt":{"rendered":"<p>Medikal ve Sarf Malzemeleri Hastaneler, klinikler ve di\u011fer sa\u011fl\u0131k kurulu\u015flar\u0131 i\u00e7in y\u00fcksek kaliteli medikal cihazlar ve sarf malzemeleri temin ediyoruz. \u00dcr\u00fcn yelpazemiz, tan\u0131 ve tedavi ekipmanlar\u0131ndan, sterilizasyon malzemelerine kadar geni\u015f bir yelpazeyi kapsamaktad\u0131r.\u00a0<\/p>","protected":false},"author":1,"featured_media":0,"parent":0,"menu_order":0,"comment_status":"closed","ping_status":"closed","template":"elementor_header_footer","meta":{"footnotes":""},"class_list":["post-392","page","type-page","status-publish","hentry"],"_links":{"self":[{"href":"https:\/\/arzema.com.tr\/en\/wp-json\/wp\/v2\/pages\/392","targetHints":{"allow":["GET"]}}],"collection":[{"href":"https:\/\/arzema.com.tr\/en\/wp-json\/wp\/v2\/pages"}],"about":[{"href":"https:\/\/arzema.com.tr\/en\/wp-json\/wp\/v2\/types\/page"}],"author":[{"embeddable":true,"href":"https:\/\/arzema.com.tr\/en\/wp-json\/wp\/v2\/users\/1"}],"replies":[{"embeddable":true,"href":"https:\/\/arzema.com.tr\/en\/wp-json\/wp\/v2\/comments?post=392"}],"version-history":[{"count":6,"href":"https:\/\/arzema.com.tr\/en\/wp-json\/wp\/v2\/pages\/392\/revisions"}],"predecessor-version":[{"id":408,"href":"https:\/\/arzema.com.tr\/en\/wp-json\/wp\/v2\/pages\/392\/revisions\/408"}],"wp:attachment":[{"href":"https:\/\/arzema.com.tr\/en\/wp-json\/wp\/v2\/media?parent=392"}],"curies":[{"name":"wp","href":"https:\/\/api.w.org\/{rel}","templated":true}]}}